{"id":863,"date":"2023-06-09T22:06:18","date_gmt":"2023-06-09T21:06:18","guid":{"rendered":"https:\/\/relax-ibiza.com\/?page_id=863"},"modified":"2025-11-25T12:26:47","modified_gmt":"2025-11-25T11:26:47","slug":"kobido","status":"publish","type":"page","link":"https:\/\/relax-spain.com\/es\/kobido\/","title":{"rendered":"KOBIDO"},"content":{"rendered":"<div data-elementor-type=\"wp-page\" data-elementor-id=\"863\" class=\"elementor elementor-863\" data-elementor-post-type=\"page\">\n\t\t\t\t\t\t<section class=\"elementor-section elementor-top-section elementor-element elementor-element-06a9ce5 elementor-section-boxed elementor-section-height-default elementor-section-height-default\" data-id=\"06a9ce5\" data-element_type=\"section\">\n\t\t\t\t\t\t<div class=\"elementor-container elementor-column-gap-default\">\n\t\t\t\t\t<div class=\"elementor-column elementor-col-100 elementor-top-column elementor-element elementor-element-0a83094\" data-id=\"0a83094\" data-element_type=\"column\">\n\t\t\t<div class=\"elementor-widget-wrap elementor-element-populated\">\n\t\t\t\t\t\t<div class=\"elementor-element elementor-element-441cd33 elementor-widget elementor-widget-text-editor\" data-id=\"441cd33\" data-element_type=\"widget\" data-widget_type=\"text-editor.default\">\n\t\t\t\t\t\t\t\t\t<a href=\"https:\/\/relax-spain.com\/es\/\">&lt; Back<\/a> \t\t\t\t\t\t\t\t<\/div>\n\t\t\t\t\t<\/div>\n\t\t<\/div>\n\t\t\t\t\t<\/div>\n\t\t<\/section>\n\t\t\t\t<section class=\"elementor-section elementor-top-section elementor-element elementor-element-9bc3c7e elementor-section-boxed elementor-section-height-default elementor-section-height-default\" data-id=\"9bc3c7e\" data-element_type=\"section\">\n\t\t\t\t\t\t<div class=\"elementor-container elementor-column-gap-default\">\n\t\t\t\t\t<div class=\"elementor-column elementor-col-50 elementor-top-column elementor-element elementor-element-b87af48\" data-id=\"b87af48\" data-element_type=\"column\">\n\t\t\t<div class=\"elementor-widget-wrap elementor-element-populated\">\n\t\t\t\t\t\t<div class=\"elementor-element elementor-element-9ba41d2 elementor-widget elementor-widget-image\" data-id=\"9ba41d2\" data-element_type=\"widget\" data-widget_type=\"image.default\">\n\t\t\t\t\t\t\t\t\t\t\t\t\t\t\t<img fetchpriority=\"high\" decoding=\"async\" width=\"1024\" height=\"683\" src=\"https:\/\/relax-spain.com\/wp-content\/uploads\/2025\/01\/IMG_1560-1024x683.jpg\" class=\"attachment-large size-large wp-image-2258\" alt=\"mejor spa Masaje Facial kobido a domicilio en marbella por masajistas profesionales\" srcset=\"https:\/\/relax-spain.com\/wp-content\/uploads\/2025\/01\/IMG_1560-1024x683.jpg 1024w, https:\/\/relax-spain.com\/wp-content\/uploads\/2025\/01\/IMG_1560-300x200.jpg 300w, https:\/\/relax-spain.com\/wp-content\/uploads\/2025\/01\/IMG_1560-768x512.jpg 768w, https:\/\/relax-spain.com\/wp-content\/uploads\/2025\/01\/IMG_1560-1536x1024.jpg 1536w, https:\/\/relax-spain.com\/wp-content\/uploads\/2025\/01\/IMG_1560-2048x1366.jpg 2048w, https:\/\/relax-spain.com\/wp-content\/uploads\/2025\/01\/IMG_1560-18x12.jpg 18w\" sizes=\"(max-width: 1024px) 100vw, 1024px\" \/>\t\t\t\t\t\t\t\t\t\t\t\t\t\t\t<\/div>\n\t\t\t\t\t<\/div>\n\t\t<\/div>\n\t\t\t\t<div class=\"elementor-column elementor-col-50 elementor-top-column elementor-element elementor-element-abbab74\" data-id=\"abbab74\" data-element_type=\"column\">\n\t\t\t<div class=\"elementor-widget-wrap elementor-element-populated\">\n\t\t\t\t\t\t<div class=\"elementor-element elementor-element-e7a5624 elementor-widget elementor-widget-image\" data-id=\"e7a5624\" data-element_type=\"widget\" data-widget_type=\"image.default\">\n\t\t\t\t\t\t\t\t\t\t\t\t\t\t\t<img decoding=\"async\" width=\"1024\" height=\"682\" src=\"https:\/\/relax-spain.com\/wp-content\/uploads\/2025\/01\/IMG_1386-1024x682.jpeg\" class=\"attachment-large size-large wp-image-2207\" alt=\"\" srcset=\"https:\/\/relax-spain.com\/wp-content\/uploads\/2025\/01\/IMG_1386-1024x682.jpeg 1024w, https:\/\/relax-spain.com\/wp-content\/uploads\/2025\/01\/IMG_1386-300x200.jpeg 300w, https:\/\/relax-spain.com\/wp-content\/uploads\/2025\/01\/IMG_1386-768x512.jpeg 768w, https:\/\/relax-spain.com\/wp-content\/uploads\/2025\/01\/IMG_1386-1536x1024.jpeg 1536w, https:\/\/relax-spain.com\/wp-content\/uploads\/2025\/01\/IMG_1386-2048x1365.jpeg 2048w, https:\/\/relax-spain.com\/wp-content\/uploads\/2025\/01\/IMG_1386-18x12.jpeg 18w\" sizes=\"(max-width: 1024px) 100vw, 1024px\" \/>\t\t\t\t\t\t\t\t\t\t\t\t\t\t\t<\/div>\n\t\t\t\t\t<\/div>\n\t\t<\/div>\n\t\t\t\t\t<\/div>\n\t\t<\/section>\n\t\t\t\t<section class=\"elementor-section elementor-top-section elementor-element elementor-element-91ce146 elementor-section-boxed elementor-section-height-default elementor-section-height-default\" data-id=\"91ce146\" data-element_type=\"section\">\n\t\t\t\t\t\t<div class=\"elementor-container elementor-column-gap-default\">\n\t\t\t\t\t<div class=\"elementor-column elementor-col-100 elementor-top-column elementor-element elementor-element-bc44205\" data-id=\"bc44205\" data-element_type=\"column\">\n\t\t\t<div class=\"elementor-widget-wrap elementor-element-populated\">\n\t\t\t\t\t\t<div class=\"elementor-element elementor-element-c0daa99 elementor-widget elementor-widget-text-editor\" data-id=\"c0daa99\" data-element_type=\"widget\" data-widget_type=\"text-editor.default\">\n\t\t\t\t\t\t\t\t\ttratamiento facial japon\u00e9s\t\t\t\t\t\t\t\t<\/div>\n\t\t\t\t<div class=\"elementor-element elementor-element-df7f6a6 elementor-widget elementor-widget-heading\" data-id=\"df7f6a6\" data-element_type=\"widget\" data-widget_type=\"heading.default\">\n\t\t\t\t\t<h2 class=\"elementor-heading-title elementor-size-default\">KOBIDO<\/h2>\t\t\t\t<\/div>\n\t\t\t\t<div class=\"elementor-element elementor-element-ea227b6 elementor-widget elementor-widget-text-editor\" data-id=\"ea227b6\" data-element_type=\"widget\" data-widget_type=\"text-editor.default\">\n\t\t\t\t\t\t\t\t\t<p>\u00bfDesea probar un masaje japon\u00e9s que revitalice su piel y mejore su bienestar? \u00a1Descubra el ancestral masaje facial Kobido! Nuestros masajistas experimentados aplican t\u00e9cnicas sutiles y precisas para favorecer el drenaje linf\u00e1tico facial y estimular la circulaci\u00f3n sangu\u00ednea.<br \/>Utilizamos productos de cuidado de la piel de primera calidad para nutrir\nsuavizar la piel.<\/p><p>Esta experiencia \u00fanica puede ayudar a disminuir la apariencia de l\u00edneas finas y arrugas, iluminar su piel y proporcionar una apariencia joven y radiante.<\/p><p>Descubra hoy mismo los incre\u00edbles resultados que el masaje Kobido puede tener en su bienestar y la capacidad de esta terapia japonesa tradicional para mejorar la salud y la luminosidad de su piel.<\/p>\t\t\t\t\t\t\t\t<\/div>\n\t\t\t\t\t<\/div>\n\t\t<\/div>\n\t\t\t\t\t<\/div>\n\t\t<\/section>\n\t\t\t\t<section class=\"elementor-section elementor-top-section elementor-element elementor-element-4af86b5 elementor-section-boxed elementor-section-height-default elementor-section-height-default\" data-id=\"4af86b5\" data-element_type=\"section\">\n\t\t\t\t\t\t<div class=\"elementor-container elementor-column-gap-default\">\n\t\t\t\t\t<div class=\"elementor-column elementor-col-50 elementor-top-column elementor-element elementor-element-0ffd42e\" data-id=\"0ffd42e\" data-element_type=\"column\">\n\t\t\t<div class=\"elementor-widget-wrap elementor-element-populated\">\n\t\t\t\t\t\t<div class=\"elementor-element elementor-element-209ddbd elementor-widget elementor-widget-image\" data-id=\"209ddbd\" data-element_type=\"widget\" data-widget_type=\"image.default\">\n\t\t\t\t\t\t\t\t\t\t\t\t\t\t\t<img decoding=\"async\" width=\"1024\" height=\"682\" src=\"https:\/\/relax-spain.com\/wp-content\/uploads\/2025\/11\/IMG_8065-1024x682.jpeg\" class=\"attachment-large size-large wp-image-2702\" alt=\"Facial Massage treatment Kobido at home marbella\" srcset=\"https:\/\/relax-spain.com\/wp-content\/uploads\/2025\/11\/IMG_8065-1024x682.jpeg 1024w, https:\/\/relax-spain.com\/wp-content\/uploads\/2025\/11\/IMG_8065-300x200.jpeg 300w, https:\/\/relax-spain.com\/wp-content\/uploads\/2025\/11\/IMG_8065-768x512.jpeg 768w, https:\/\/relax-spain.com\/wp-content\/uploads\/2025\/11\/IMG_8065-1536x1024.jpeg 1536w, https:\/\/relax-spain.com\/wp-content\/uploads\/2025\/11\/IMG_8065-18x12.jpeg 18w, https:\/\/relax-spain.com\/wp-content\/uploads\/2025\/11\/IMG_8065.jpeg 1667w\" sizes=\"(max-width: 1024px) 100vw, 1024px\" \/>\t\t\t\t\t\t\t\t\t\t\t\t\t\t\t<\/div>\n\t\t\t\t\t<\/div>\n\t\t<\/div>\n\t\t\t\t<div class=\"elementor-column elementor-col-50 elementor-top-column elementor-element elementor-element-9b2c23f\" data-id=\"9b2c23f\" data-element_type=\"column\">\n\t\t\t<div class=\"elementor-widget-wrap elementor-element-populated\">\n\t\t\t\t\t\t<div class=\"elementor-element elementor-element-4953067 elementor-widget elementor-widget-image\" data-id=\"4953067\" data-element_type=\"widget\" data-widget_type=\"image.default\">\n\t\t\t\t\t\t\t\t\t\t\t\t\t\t\t<img loading=\"lazy\" decoding=\"async\" width=\"1024\" height=\"683\" src=\"https:\/\/relax-spain.com\/wp-content\/uploads\/2025\/11\/IMG_8258-1024x683.jpeg\" class=\"attachment-large size-large wp-image-2709\" alt=\"Tratamiento de Kobido Masaje de lujo en Marbella a domicilio Por Masajista certificadaVIP Kobido Facial massage in Marbella\" srcset=\"https:\/\/relax-spain.com\/wp-content\/uploads\/2025\/11\/IMG_8258-1024x683.jpeg 1024w, https:\/\/relax-spain.com\/wp-content\/uploads\/2025\/11\/IMG_8258-300x200.jpeg 300w, https:\/\/relax-spain.com\/wp-content\/uploads\/2025\/11\/IMG_8258-768x512.jpeg 768w, https:\/\/relax-spain.com\/wp-content\/uploads\/2025\/11\/IMG_8258-1536x1024.jpeg 1536w, https:\/\/relax-spain.com\/wp-content\/uploads\/2025\/11\/IMG_8258-18x12.jpeg 18w, https:\/\/relax-spain.com\/wp-content\/uploads\/2025\/11\/IMG_8258.jpeg 1656w\" sizes=\"(max-width: 1024px) 100vw, 1024px\" \/>\t\t\t\t\t\t\t\t\t\t\t\t\t\t\t<\/div>\n\t\t\t\t\t<\/div>\n\t\t<\/div>\n\t\t\t\t\t<\/div>\n\t\t<\/section>\n\t\t\t\t<\/div>","protected":false},"excerpt":{"rendered":"<p>&lt; Back Rejuvenating Japanese facial KOBIDO Are you looking for a natural way to rejuvenate your skin and promote overall wellness? Consider trying the ancient uplifting facial treatment: Kobido massage.Our expert massage therapists will use a combination of gentle and precise hand movements to stimulate blood flow and improve lymphatic drainage in your face and [&hellip;]<\/p>","protected":false},"author":1,"featured_media":0,"parent":0,"menu_order":0,"comment_status":"closed","ping_status":"closed","template":"","meta":{"site-sidebar-layout":"no-sidebar","site-content-layout":"page-builder","ast-site-content-layout":"default","site-content-style":"default","site-sidebar-style":"default","ast-global-header-display":"","ast-banner-title-visibility":"","ast-main-header-display":"","ast-hfb-above-header-display":"","ast-hfb-below-header-display":"","ast-hfb-mobile-header-display":"","site-post-title":"disabled","ast-breadcrumbs-content":"","ast-featured-img":"disabled","footer-sml-layout":"","theme-transparent-header-meta":"","adv-header-id-meta":"","stick-header-meta":"","header-above-stick-meta":"","header-main-stick-meta":"","header-below-stick-meta":"","astra-migrate-meta-layouts":"default","ast-page-background-enabled":"default","ast-page-background-meta":{"desktop":{"background-color":"var(--ast-global-color-4)","background-image":"","background-repeat":"repeat","background-position":"center center","background-size":"auto","background-attachment":"scroll","background-type":"","background-media":"","overlay-type":"","overlay-color":"","overlay-opacity":"","overlay-gradient":""},"tablet":{"background-color":"","background-image":"","background-repeat":"repeat","background-position":"center center","background-size":"auto","background-attachment":"scroll","background-type":"","background-media":"","overlay-type":"","overlay-color":"","overlay-opacity":"","overlay-gradient":""},"mobile":{"background-color":"","background-image":"","background-repeat":"repeat","background-position":"center center","background-size":"auto","background-attachment":"scroll","background-type":"","background-media":"","overlay-type":"","overlay-color":"","overlay-opacity":"","overlay-gradient":""}},"ast-content-background-meta":{"desktop":{"background-color":"var(--ast-global-color-5)","background-image":"","background-repeat":"repeat","background-position":"center center","background-size":"auto","background-attachment":"scroll","background-type":"","background-media":"","overlay-type":"","overlay-color":"","overlay-opacity":"","overlay-gradient":""},"tablet":{"background-color":"var(--ast-global-color-5)","background-image":"","background-repeat":"repeat","background-position":"center center","background-size":"auto","background-attachment":"scroll","background-type":"","background-media":"","overlay-type":"","overlay-color":"","overlay-opacity":"","overlay-gradient":""},"mobile":{"background-color":"var(--ast-global-color-5)","background-image":"","background-repeat":"repeat","background-position":"center center","background-size":"auto","background-attachment":"scroll","background-type":"","background-media":"","overlay-type":"","overlay-color":"","overlay-opacity":"","overlay-gradient":""}},"footnotes":""},"class_list":["post-863","page","type-page","status-publish","hentry"],"yoast_head":"<!-- This site is optimized with the Yoast SEO plugin v26.1.1 - https:\/\/yoast.com\/wordpress\/plugins\/seo\/ -->\n<title>KOBIDO - Relax Massage Ibiza<\/title>\n<meta name=\"robots\" content=\"index, follow, max-snippet:-1, max-image-preview:large, max-video-preview:-1\" \/>\n<link rel=\"canonical\" href=\"https:\/\/relax-spain.com\/es\/kobido\/\" \/>\n<meta property=\"og:locale\" content=\"es_ES\" \/>\n<meta property=\"og:type\" content=\"article\" \/>\n<meta property=\"og:title\" content=\"KOBIDO - Relax Massage Ibiza\" \/>\n<meta property=\"og:description\" content=\"&lt; Back Rejuvenating Japanese facial KOBIDO Are you looking for a natural way to rejuvenate your skin and promote overall wellness? Consider trying the ancient uplifting facial treatment: Kobido massage.Our expert massage therapists will use a combination of gentle and precise hand movements to stimulate blood flow and improve lymphatic drainage in your face and [&hellip;]\" \/>\n<meta property=\"og:url\" content=\"https:\/\/relax-spain.com\/es\/kobido\/\" \/>\n<meta property=\"og:site_name\" content=\"Relax Massage Ibiza\" \/>\n<meta property=\"article:modified_time\" content=\"2025-11-25T11:26:47+00:00\" \/>\n<meta property=\"og:image\" content=\"https:\/\/relax-spain.com\/wp-content\/uploads\/2025\/01\/IMG_1560-scaled.jpg\" \/>\n\t<meta property=\"og:image:width\" content=\"2560\" \/>\n\t<meta property=\"og:image:height\" content=\"1707\" \/>\n\t<meta property=\"og:image:type\" content=\"image\/jpeg\" \/>\n<meta name=\"twitter:card\" content=\"summary_large_image\" \/>\n<meta name=\"twitter:label1\" content=\"Tiempo de lectura\" \/>\n\t<meta name=\"twitter:data1\" content=\"1 minuto\" \/>\n<script type=\"application\/ld+json\" class=\"yoast-schema-graph\">{\"@context\":\"https:\/\/schema.org\",\"@graph\":[{\"@type\":\"WebPage\",\"@id\":\"https:\/\/relax-spain.com\/kobido\/\",\"url\":\"https:\/\/relax-spain.com\/kobido\/\",\"name\":\"KOBIDO - Relax Massage Ibiza\",\"isPartOf\":{\"@id\":\"https:\/\/relax-spain.com\/#website\"},\"primaryImageOfPage\":{\"@id\":\"https:\/\/relax-spain.com\/kobido\/#primaryimage\"},\"image\":{\"@id\":\"https:\/\/relax-spain.com\/kobido\/#primaryimage\"},\"thumbnailUrl\":\"https:\/\/relax-spain.com\/wp-content\/uploads\/2025\/01\/IMG_1560-1024x683.jpg\",\"datePublished\":\"2023-06-09T21:06:18+00:00\",\"dateModified\":\"2025-11-25T11:26:47+00:00\",\"breadcrumb\":{\"@id\":\"https:\/\/relax-spain.com\/kobido\/#breadcrumb\"},\"inLanguage\":\"es\",\"potentialAction\":[{\"@type\":\"ReadAction\",\"target\":[\"https:\/\/relax-spain.com\/kobido\/\"]}]},{\"@type\":\"ImageObject\",\"inLanguage\":\"es\",\"@id\":\"https:\/\/relax-spain.com\/kobido\/#primaryimage\",\"url\":\"https:\/\/relax-spain.com\/wp-content\/uploads\/2025\/01\/IMG_1560-1024x683.jpg\",\"contentUrl\":\"https:\/\/relax-spain.com\/wp-content\/uploads\/2025\/01\/IMG_1560-1024x683.jpg\"},{\"@type\":\"BreadcrumbList\",\"@id\":\"https:\/\/relax-spain.com\/kobido\/#breadcrumb\",\"itemListElement\":[{\"@type\":\"ListItem\",\"position\":1,\"name\":\"Home\",\"item\":\"https:\/\/relax-spain.com\/\"},{\"@type\":\"ListItem\",\"position\":2,\"name\":\"KOBIDO\"}]},{\"@type\":\"WebSite\",\"@id\":\"https:\/\/relax-spain.com\/#website\",\"url\":\"https:\/\/relax-spain.com\/\",\"name\":\"Relax Massage Ibiza\",\"description\":\"The #1 mobile massage in Ibiza\",\"publisher\":{\"@id\":\"https:\/\/relax-spain.com\/#organization\"},\"potentialAction\":[{\"@type\":\"SearchAction\",\"target\":{\"@type\":\"EntryPoint\",\"urlTemplate\":\"https:\/\/relax-spain.com\/?s={search_term_string}\"},\"query-input\":{\"@type\":\"PropertyValueSpecification\",\"valueRequired\":true,\"valueName\":\"search_term_string\"}}],\"inLanguage\":\"es\"},{\"@type\":\"Organization\",\"@id\":\"https:\/\/relax-spain.com\/#organization\",\"name\":\"Relax Massage Ibiza\",\"url\":\"https:\/\/relax-spain.com\/\",\"logo\":{\"@type\":\"ImageObject\",\"inLanguage\":\"es\",\"@id\":\"https:\/\/relax-spain.com\/#\/schema\/logo\/image\/\",\"url\":\"https:\/\/relax-spain.com\/wp-content\/uploads\/2023\/07\/cropped-cropped-relax-ibiza.png\",\"contentUrl\":\"https:\/\/relax-spain.com\/wp-content\/uploads\/2023\/07\/cropped-cropped-relax-ibiza.png\",\"width\":512,\"height\":512,\"caption\":\"Relax Massage Ibiza\"},\"image\":{\"@id\":\"https:\/\/relax-spain.com\/#\/schema\/logo\/image\/\"}}]}<\/script>\n<!-- \/ Yoast SEO plugin. -->","yoast_head_json":{"title":"KOBIDO - Relax Massage Ibiza","robots":{"index":"index","follow":"follow","max-snippet":"max-snippet:-1","max-image-preview":"max-image-preview:large","max-video-preview":"max-video-preview:-1"},"canonical":"https:\/\/relax-spain.com\/es\/kobido\/","og_locale":"es_ES","og_type":"article","og_title":"KOBIDO - Relax Massage Ibiza","og_description":"&lt; Back Rejuvenating Japanese facial KOBIDO Are you looking for a natural way to rejuvenate your skin and promote overall wellness? Consider trying the ancient uplifting facial treatment: Kobido massage.Our expert massage therapists will use a combination of gentle and precise hand movements to stimulate blood flow and improve lymphatic drainage in your face and [&hellip;]","og_url":"https:\/\/relax-spain.com\/es\/kobido\/","og_site_name":"Relax Massage Ibiza","article_modified_time":"2025-11-25T11:26:47+00:00","og_image":[{"width":2560,"height":1707,"url":"https:\/\/relax-spain.com\/wp-content\/uploads\/2025\/01\/IMG_1560-scaled.jpg","type":"image\/jpeg"}],"twitter_card":"summary_large_image","twitter_misc":{"Tiempo de lectura":"1 minuto"},"schema":{"@context":"https:\/\/schema.org","@graph":[{"@type":"WebPage","@id":"https:\/\/relax-spain.com\/kobido\/","url":"https:\/\/relax-spain.com\/kobido\/","name":"KOBIDO - Relax Massage Ibiza","isPartOf":{"@id":"https:\/\/relax-spain.com\/#website"},"primaryImageOfPage":{"@id":"https:\/\/relax-spain.com\/kobido\/#primaryimage"},"image":{"@id":"https:\/\/relax-spain.com\/kobido\/#primaryimage"},"thumbnailUrl":"https:\/\/relax-spain.com\/wp-content\/uploads\/2025\/01\/IMG_1560-1024x683.jpg","datePublished":"2023-06-09T21:06:18+00:00","dateModified":"2025-11-25T11:26:47+00:00","breadcrumb":{"@id":"https:\/\/relax-spain.com\/kobido\/#breadcrumb"},"inLanguage":"es","potentialAction":[{"@type":"ReadAction","target":["https:\/\/relax-spain.com\/kobido\/"]}]},{"@type":"ImageObject","inLanguage":"es","@id":"https:\/\/relax-spain.com\/kobido\/#primaryimage","url":"https:\/\/relax-spain.com\/wp-content\/uploads\/2025\/01\/IMG_1560-1024x683.jpg","contentUrl":"https:\/\/relax-spain.com\/wp-content\/uploads\/2025\/01\/IMG_1560-1024x683.jpg"},{"@type":"BreadcrumbList","@id":"https:\/\/relax-spain.com\/kobido\/#breadcrumb","itemListElement":[{"@type":"ListItem","position":1,"name":"Home","item":"https:\/\/relax-spain.com\/"},{"@type":"ListItem","position":2,"name":"KOBIDO"}]},{"@type":"WebSite","@id":"https:\/\/relax-spain.com\/#website","url":"https:\/\/relax-spain.com\/","name":"Relax Massage Ibiza","description":"The #1 mobile massage in Ibiza","publisher":{"@id":"https:\/\/relax-spain.com\/#organization"},"potentialAction":[{"@type":"SearchAction","target":{"@type":"EntryPoint","urlTemplate":"https:\/\/relax-spain.com\/?s={search_term_string}"},"query-input":{"@type":"PropertyValueSpecification","valueRequired":true,"valueName":"search_term_string"}}],"inLanguage":"es"},{"@type":"Organization","@id":"https:\/\/relax-spain.com\/#organization","name":"Relax Massage Ibiza","url":"https:\/\/relax-spain.com\/","logo":{"@type":"ImageObject","inLanguage":"es","@id":"https:\/\/relax-spain.com\/#\/schema\/logo\/image\/","url":"https:\/\/relax-spain.com\/wp-content\/uploads\/2023\/07\/cropped-cropped-relax-ibiza.png","contentUrl":"https:\/\/relax-spain.com\/wp-content\/uploads\/2023\/07\/cropped-cropped-relax-ibiza.png","width":512,"height":512,"caption":"Relax Massage Ibiza"},"image":{"@id":"https:\/\/relax-spain.com\/#\/schema\/logo\/image\/"}}]}},"_links":{"self":[{"href":"https:\/\/relax-spain.com\/es\/wp-json\/wp\/v2\/pages\/863","targetHints":{"allow":["GET"]}}],"collection":[{"href":"https:\/\/relax-spain.com\/es\/wp-json\/wp\/v2\/pages"}],"about":[{"href":"https:\/\/relax-spain.com\/es\/wp-json\/wp\/v2\/types\/page"}],"author":[{"embeddable":true,"href":"https:\/\/relax-spain.com\/es\/wp-json\/wp\/v2\/users\/1"}],"replies":[{"embeddable":true,"href":"https:\/\/relax-spain.com\/es\/wp-json\/wp\/v2\/comments?post=863"}],"version-history":[{"count":48,"href":"https:\/\/relax-spain.com\/es\/wp-json\/wp\/v2\/pages\/863\/revisions"}],"predecessor-version":[{"id":2721,"href":"https:\/\/relax-spain.com\/es\/wp-json\/wp\/v2\/pages\/863\/revisions\/2721"}],"wp:attachment":[{"href":"https:\/\/relax-spain.com\/es\/wp-json\/wp\/v2\/media?parent=863"}],"curies":[{"name":"wp","href":"https:\/\/api.w.org\/{rel}","templated":true}]}}