{"id":839,"date":"2023-06-09T21:58:53","date_gmt":"2023-06-09T20:58:53","guid":{"rendered":"https:\/\/relax-ibiza.com\/?page_id=839"},"modified":"2025-01-21T08:27:35","modified_gmt":"2025-01-21T07:27:35","slug":"madero","status":"publish","type":"page","link":"https:\/\/relax-spain.com\/es\/madero\/","title":{"rendered":"madero"},"content":{"rendered":"<div data-elementor-type=\"wp-page\" data-elementor-id=\"839\" class=\"elementor elementor-839\" data-elementor-post-type=\"page\">\n\t\t\t\t\t\t<section class=\"elementor-section elementor-top-section elementor-element elementor-element-06a9ce5 elementor-section-boxed elementor-section-height-default elementor-section-height-default\" data-id=\"06a9ce5\" data-element_type=\"section\">\n\t\t\t\t\t\t<div class=\"elementor-container elementor-column-gap-default\">\n\t\t\t\t\t<div class=\"elementor-column elementor-col-100 elementor-top-column elementor-element elementor-element-0a83094\" data-id=\"0a83094\" data-element_type=\"column\">\n\t\t\t<div class=\"elementor-widget-wrap elementor-element-populated\">\n\t\t\t\t\t\t<div class=\"elementor-element elementor-element-441cd33 elementor-widget elementor-widget-text-editor\" data-id=\"441cd33\" data-element_type=\"widget\" data-widget_type=\"text-editor.default\">\n\t\t\t\t\t\t\t\t\t<a href=\"https:\/\/relax-spain.com\/es\/\">&lt; Back<\/a> \t\t\t\t\t\t\t\t<\/div>\n\t\t\t\t\t<\/div>\n\t\t<\/div>\n\t\t\t\t\t<\/div>\n\t\t<\/section>\n\t\t\t\t<section class=\"elementor-section elementor-top-section elementor-element elementor-element-9bc3c7e elementor-section-boxed elementor-section-height-default elementor-section-height-default\" data-id=\"9bc3c7e\" data-element_type=\"section\">\n\t\t\t\t\t\t<div class=\"elementor-container elementor-column-gap-default\">\n\t\t\t\t\t<div class=\"elementor-column elementor-col-50 elementor-top-column elementor-element elementor-element-b87af48\" data-id=\"b87af48\" data-element_type=\"column\">\n\t\t\t<div class=\"elementor-widget-wrap elementor-element-populated\">\n\t\t\t\t\t\t<div class=\"elementor-element elementor-element-9ba41d2 elementor-widget elementor-widget-image\" data-id=\"9ba41d2\" data-element_type=\"widget\" data-widget_type=\"image.default\">\n\t\t\t\t\t\t\t\t\t\t\t\t\t\t\t<img fetchpriority=\"high\" decoding=\"async\" width=\"825\" height=\"550\" src=\"https:\/\/relax-spain.com\/wp-content\/uploads\/2023\/10\/image_6483441-44.jpg\" class=\"attachment-large size-large wp-image-1730\" alt=\"madero therapy massage session at home in Valencia\" srcset=\"https:\/\/relax-spain.com\/wp-content\/uploads\/2023\/10\/image_6483441-44.jpg 825w, https:\/\/relax-spain.com\/wp-content\/uploads\/2023\/10\/image_6483441-44-300x200.jpg 300w, https:\/\/relax-spain.com\/wp-content\/uploads\/2023\/10\/image_6483441-44-768x512.jpg 768w, https:\/\/relax-spain.com\/wp-content\/uploads\/2023\/10\/image_6483441-44-18x12.jpg 18w\" sizes=\"(max-width: 825px) 100vw, 825px\" \/>\t\t\t\t\t\t\t\t\t\t\t\t\t\t\t<\/div>\n\t\t\t\t\t<\/div>\n\t\t<\/div>\n\t\t\t\t<div class=\"elementor-column elementor-col-50 elementor-top-column elementor-element elementor-element-abbab74\" data-id=\"abbab74\" data-element_type=\"column\">\n\t\t\t<div class=\"elementor-widget-wrap elementor-element-populated\">\n\t\t\t\t\t\t<div class=\"elementor-element elementor-element-e7a5624 elementor-widget elementor-widget-image\" data-id=\"e7a5624\" data-element_type=\"widget\" data-widget_type=\"image.default\">\n\t\t\t\t\t\t\t\t\t\t\t\t\t\t\t<img decoding=\"async\" width=\"1024\" height=\"682\" src=\"https:\/\/relax-spain.com\/wp-content\/uploads\/2025\/01\/IMG_2715-1024x682.jpg\" class=\"attachment-large size-large wp-image-2248\" alt=\"maderoterapia de lujo profesional en el barco a domicilio en Mabella\" srcset=\"https:\/\/relax-spain.com\/wp-content\/uploads\/2025\/01\/IMG_2715-1024x682.jpg 1024w, https:\/\/relax-spain.com\/wp-content\/uploads\/2025\/01\/IMG_2715-300x200.jpg 300w, https:\/\/relax-spain.com\/wp-content\/uploads\/2025\/01\/IMG_2715-768x512.jpg 768w, https:\/\/relax-spain.com\/wp-content\/uploads\/2025\/01\/IMG_2715-18x12.jpg 18w, https:\/\/relax-spain.com\/wp-content\/uploads\/2025\/01\/IMG_2715.jpg 1280w\" sizes=\"(max-width: 1024px) 100vw, 1024px\" \/>\t\t\t\t\t\t\t\t\t\t\t\t\t\t\t<\/div>\n\t\t\t\t\t<\/div>\n\t\t<\/div>\n\t\t\t\t\t<\/div>\n\t\t<\/section>\n\t\t\t\t<section class=\"elementor-section elementor-top-section elementor-element elementor-element-91ce146 elementor-section-boxed elementor-section-height-default elementor-section-height-default\" data-id=\"91ce146\" data-element_type=\"section\">\n\t\t\t\t\t\t<div class=\"elementor-container elementor-column-gap-default\">\n\t\t\t\t\t<div class=\"elementor-column elementor-col-100 elementor-top-column elementor-element elementor-element-bc44205\" data-id=\"bc44205\" data-element_type=\"column\">\n\t\t\t<div class=\"elementor-widget-wrap elementor-element-populated\">\n\t\t\t\t\t\t<div class=\"elementor-element elementor-element-c0daa99 elementor-widget elementor-widget-text-editor\" data-id=\"c0daa99\" data-element_type=\"widget\" data-widget_type=\"text-editor.default\">\n\t\t\t\t\t\t\t\t\t<p>masaje con herramientas de madera<\/p>\t\t\t\t\t\t\t\t<\/div>\n\t\t\t\t<div class=\"elementor-element elementor-element-df7f6a6 elementor-widget elementor-widget-heading\" data-id=\"df7f6a6\" data-element_type=\"widget\" data-widget_type=\"heading.default\">\n\t\t\t\t\t<h2 class=\"elementor-heading-title elementor-size-default\">MADEROTERAPIA<\/h2>\t\t\t\t<\/div>\n\t\t\t\t<div class=\"elementor-element elementor-element-ea227b6 elementor-widget elementor-widget-text-editor\" data-id=\"ea227b6\" data-element_type=\"widget\" data-widget_type=\"text-editor.default\">\n\t\t\t\t\t\t\t\t\t<p>La maderoterapia es un masaje que utiliza peque\u00f1os utensilios de madera para aplicar presi\u00f3n y estimular puntos espec\u00edficos del cuerpo. Su popularidad ha crecido recientemente debido a su habilidad para contribuir a la reducci\u00f3n de la celulitis, mejorar la tonificaci\u00f3n corporal y promover la relajaci\u00f3n.<\/p><p>En una sesi\u00f3n de maderoterapia a domicilio, el terapeuta emplea diversos instrumentos de madera para aplicar presi\u00f3n en \u00e1reas espec\u00edficas del cuerpo, como las piernas, el abdomen, los brazos, la espalda, el rostro y otras zonas. Estos utensilios tambi\u00e9n pueden utilizarse para estimular el sistema linf\u00e1tico, lo que ayuda a eliminar toxinas.<\/p><p>Los beneficios de la maderoterapia no se limitan \u00fanicamente al aspecto f\u00edsico. Esta t\u00e9cnica es reconocida por su capacidad para inducir la relajaci\u00f3n y aliviar el estr\u00e9s. Est\u00e1 comprobado que la aplicaci\u00f3n de presi\u00f3n durante la sesi\u00f3n contribuye a liberar la tensi\u00f3n muscular, promoviendo una sensaci\u00f3n de serenidad y bienestar en general.<\/p>\t\t\t\t\t\t\t\t<\/div>\n\t\t\t\t\t<\/div>\n\t\t<\/div>\n\t\t\t\t\t<\/div>\n\t\t<\/section>\n\t\t\t\t<section class=\"elementor-section elementor-top-section elementor-element elementor-element-4af86b5 elementor-section-boxed elementor-section-height-default elementor-section-height-default\" data-id=\"4af86b5\" data-element_type=\"section\">\n\t\t\t\t\t\t<div class=\"elementor-container elementor-column-gap-default\">\n\t\t\t\t\t<div class=\"elementor-column elementor-col-50 elementor-top-column elementor-element elementor-element-0ffd42e\" data-id=\"0ffd42e\" data-element_type=\"column\">\n\t\t\t<div class=\"elementor-widget-wrap elementor-element-populated\">\n\t\t\t\t\t\t<div class=\"elementor-element elementor-element-209ddbd elementor-widget elementor-widget-image\" data-id=\"209ddbd\" data-element_type=\"widget\" data-widget_type=\"image.default\">\n\t\t\t\t\t\t\t\t\t\t\t\t\t\t\t<img decoding=\"async\" width=\"1024\" height=\"683\" src=\"https:\/\/relax-spain.com\/wp-content\/uploads\/2025\/01\/IMG_1551-1024x683.jpg\" class=\"attachment-large size-large wp-image-2179\" alt=\"best maderoterapia in Marbella\" srcset=\"https:\/\/relax-spain.com\/wp-content\/uploads\/2025\/01\/IMG_1551-1024x683.jpg 1024w, https:\/\/relax-spain.com\/wp-content\/uploads\/2025\/01\/IMG_1551-300x200.jpg 300w, https:\/\/relax-spain.com\/wp-content\/uploads\/2025\/01\/IMG_1551-768x512.jpg 768w, https:\/\/relax-spain.com\/wp-content\/uploads\/2025\/01\/IMG_1551-1536x1024.jpg 1536w, https:\/\/relax-spain.com\/wp-content\/uploads\/2025\/01\/IMG_1551-2048x1365.jpg 2048w, https:\/\/relax-spain.com\/wp-content\/uploads\/2025\/01\/IMG_1551-18x12.jpg 18w\" sizes=\"(max-width: 1024px) 100vw, 1024px\" \/>\t\t\t\t\t\t\t\t\t\t\t\t\t\t\t<\/div>\n\t\t\t\t\t<\/div>\n\t\t<\/div>\n\t\t\t\t<div class=\"elementor-column elementor-col-50 elementor-top-column elementor-element elementor-element-9b2c23f\" data-id=\"9b2c23f\" data-element_type=\"column\">\n\t\t\t<div class=\"elementor-widget-wrap elementor-element-populated\">\n\t\t\t\t\t\t<div class=\"elementor-element elementor-element-4953067 elementor-widget elementor-widget-image\" data-id=\"4953067\" data-element_type=\"widget\" data-widget_type=\"image.default\">\n\t\t\t\t\t\t\t\t\t\t\t\t\t\t\t<img loading=\"lazy\" decoding=\"async\" width=\"960\" height=\"640\" src=\"https:\/\/relax-spain.com\/wp-content\/uploads\/2023\/10\/image_6483441-43.jpg\" class=\"attachment-large size-large wp-image-1733\" alt=\"maderoterapia masaje linf\u00e1tico en Valencia a domicilio\" srcset=\"https:\/\/relax-spain.com\/wp-content\/uploads\/2023\/10\/image_6483441-43.jpg 960w, https:\/\/relax-spain.com\/wp-content\/uploads\/2023\/10\/image_6483441-43-300x200.jpg 300w, https:\/\/relax-spain.com\/wp-content\/uploads\/2023\/10\/image_6483441-43-768x512.jpg 768w, https:\/\/relax-spain.com\/wp-content\/uploads\/2023\/10\/image_6483441-43-18x12.jpg 18w\" sizes=\"(max-width: 960px) 100vw, 960px\" \/>\t\t\t\t\t\t\t\t\t\t\t\t\t\t\t<\/div>\n\t\t\t\t\t<\/div>\n\t\t<\/div>\n\t\t\t\t\t<\/div>\n\t\t<\/section>\n\t\t\t\t<\/div>","protected":false},"excerpt":{"rendered":"<p>&lt; Back massage with wooden instruments MADERO THERAPY Madero Therapy is a massage technique employing small wooden instruments to exert pressure and activate specific points of the body. Its recognition has surged in recent times due to its capacity to aid in cellulite reduction, body toning, and inducing relaxation. During a home massage session, the [&hellip;]<\/p>","protected":false},"author":1,"featured_media":0,"parent":0,"menu_order":0,"comment_status":"closed","ping_status":"closed","template":"","meta":{"site-sidebar-layout":"no-sidebar","site-content-layout":"page-builder","ast-site-content-layout":"default","site-content-style":"default","site-sidebar-style":"default","ast-global-header-display":"","ast-banner-title-visibility":"","ast-main-header-display":"","ast-hfb-above-header-display":"","ast-hfb-below-header-display":"","ast-hfb-mobile-header-display":"","site-post-title":"disabled","ast-breadcrumbs-content":"","ast-featured-img":"disabled","footer-sml-layout":"","theme-transparent-header-meta":"","adv-header-id-meta":"","stick-header-meta":"","header-above-stick-meta":"","header-main-stick-meta":"","header-below-stick-meta":"","astra-migrate-meta-layouts":"default","ast-page-background-enabled":"default","ast-page-background-meta":{"desktop":{"background-color":"var(--ast-global-color-4)","background-image":"","background-repeat":"repeat","background-position":"center center","background-size":"auto","background-attachment":"scroll","background-type":"","background-media":"","overlay-type":"","overlay-color":"","overlay-opacity":"","overlay-gradient":""},"tablet":{"background-color":"","background-image":"","background-repeat":"repeat","background-position":"center center","background-size":"auto","background-attachment":"scroll","background-type":"","background-media":"","overlay-type":"","overlay-color":"","overlay-opacity":"","overlay-gradient":""},"mobile":{"background-color":"","background-image":"","background-repeat":"repeat","background-position":"center center","background-size":"auto","background-attachment":"scroll","background-type":"","background-media":"","overlay-type":"","overlay-color":"","overlay-opacity":"","overlay-gradient":""}},"ast-content-background-meta":{"desktop":{"background-color":"var(--ast-global-color-5)","background-image":"","background-repeat":"repeat","background-position":"center center","background-size":"auto","background-attachment":"scroll","background-type":"","background-media":"","overlay-type":"","overlay-color":"","overlay-opacity":"","overlay-gradient":""},"tablet":{"background-color":"var(--ast-global-color-5)","background-image":"","background-repeat":"repeat","background-position":"center center","background-size":"auto","background-attachment":"scroll","background-type":"","background-media":"","overlay-type":"","overlay-color":"","overlay-opacity":"","overlay-gradient":""},"mobile":{"background-color":"var(--ast-global-color-5)","background-image":"","background-repeat":"repeat","background-position":"center center","background-size":"auto","background-attachment":"scroll","background-type":"","background-media":"","overlay-type":"","overlay-color":"","overlay-opacity":"","overlay-gradient":""}},"footnotes":""},"class_list":["post-839","page","type-page","status-publish","hentry"],"yoast_head":"<!-- This site is optimized with the Yoast SEO plugin v26.1.1 - https:\/\/yoast.com\/wordpress\/plugins\/seo\/ -->\n<title>madero - Relax Massage Ibiza<\/title>\n<meta name=\"robots\" content=\"index, follow, max-snippet:-1, max-image-preview:large, max-video-preview:-1\" \/>\n<link rel=\"canonical\" href=\"https:\/\/relax-spain.com\/es\/madero\/\" \/>\n<meta property=\"og:locale\" content=\"es_ES\" \/>\n<meta property=\"og:type\" content=\"article\" \/>\n<meta property=\"og:title\" content=\"madero - Relax Massage Ibiza\" \/>\n<meta property=\"og:description\" content=\"&lt; Back massage with wooden instruments MADERO THERAPY Madero Therapy is a massage technique employing small wooden instruments to exert pressure and activate specific points of the body. Its recognition has surged in recent times due to its capacity to aid in cellulite reduction, body toning, and inducing relaxation. During a home massage session, the [&hellip;]\" \/>\n<meta property=\"og:url\" content=\"https:\/\/relax-spain.com\/es\/madero\/\" \/>\n<meta property=\"og:site_name\" content=\"Relax Massage Ibiza\" \/>\n<meta property=\"article:modified_time\" content=\"2025-01-21T07:27:35+00:00\" \/>\n<meta property=\"og:image\" content=\"https:\/\/relax-spain.com\/wp-content\/uploads\/2023\/10\/image_6483441-44.jpg\" \/>\n\t<meta property=\"og:image:width\" content=\"825\" \/>\n\t<meta property=\"og:image:height\" content=\"550\" \/>\n\t<meta property=\"og:image:type\" content=\"image\/jpeg\" \/>\n<meta name=\"twitter:card\" content=\"summary_large_image\" \/>\n<meta name=\"twitter:label1\" content=\"Tiempo de lectura\" \/>\n\t<meta name=\"twitter:data1\" content=\"2 minutos\" \/>\n<script type=\"application\/ld+json\" class=\"yoast-schema-graph\">{\"@context\":\"https:\/\/schema.org\",\"@graph\":[{\"@type\":\"WebPage\",\"@id\":\"https:\/\/relax-spain.com\/madero\/\",\"url\":\"https:\/\/relax-spain.com\/madero\/\",\"name\":\"madero - Relax Massage Ibiza\",\"isPartOf\":{\"@id\":\"https:\/\/relax-spain.com\/#website\"},\"primaryImageOfPage\":{\"@id\":\"https:\/\/relax-spain.com\/madero\/#primaryimage\"},\"image\":{\"@id\":\"https:\/\/relax-spain.com\/madero\/#primaryimage\"},\"thumbnailUrl\":\"https:\/\/relax-spain.com\/wp-content\/uploads\/2023\/10\/image_6483441-44.jpg\",\"datePublished\":\"2023-06-09T20:58:53+00:00\",\"dateModified\":\"2025-01-21T07:27:35+00:00\",\"breadcrumb\":{\"@id\":\"https:\/\/relax-spain.com\/madero\/#breadcrumb\"},\"inLanguage\":\"es\",\"potentialAction\":[{\"@type\":\"ReadAction\",\"target\":[\"https:\/\/relax-spain.com\/madero\/\"]}]},{\"@type\":\"ImageObject\",\"inLanguage\":\"es\",\"@id\":\"https:\/\/relax-spain.com\/madero\/#primaryimage\",\"url\":\"https:\/\/relax-spain.com\/wp-content\/uploads\/2023\/10\/image_6483441-44.jpg\",\"contentUrl\":\"https:\/\/relax-spain.com\/wp-content\/uploads\/2023\/10\/image_6483441-44.jpg\"},{\"@type\":\"BreadcrumbList\",\"@id\":\"https:\/\/relax-spain.com\/madero\/#breadcrumb\",\"itemListElement\":[{\"@type\":\"ListItem\",\"position\":1,\"name\":\"Home\",\"item\":\"https:\/\/relax-spain.com\/\"},{\"@type\":\"ListItem\",\"position\":2,\"name\":\"madero\"}]},{\"@type\":\"WebSite\",\"@id\":\"https:\/\/relax-spain.com\/#website\",\"url\":\"https:\/\/relax-spain.com\/\",\"name\":\"Relax Massage Ibiza\",\"description\":\"The #1 mobile massage in Ibiza\",\"publisher\":{\"@id\":\"https:\/\/relax-spain.com\/#organization\"},\"potentialAction\":[{\"@type\":\"SearchAction\",\"target\":{\"@type\":\"EntryPoint\",\"urlTemplate\":\"https:\/\/relax-spain.com\/?s={search_term_string}\"},\"query-input\":{\"@type\":\"PropertyValueSpecification\",\"valueRequired\":true,\"valueName\":\"search_term_string\"}}],\"inLanguage\":\"es\"},{\"@type\":\"Organization\",\"@id\":\"https:\/\/relax-spain.com\/#organization\",\"name\":\"Relax Massage Ibiza\",\"url\":\"https:\/\/relax-spain.com\/\",\"logo\":{\"@type\":\"ImageObject\",\"inLanguage\":\"es\",\"@id\":\"https:\/\/relax-spain.com\/#\/schema\/logo\/image\/\",\"url\":\"https:\/\/relax-spain.com\/wp-content\/uploads\/2023\/07\/cropped-cropped-relax-ibiza.png\",\"contentUrl\":\"https:\/\/relax-spain.com\/wp-content\/uploads\/2023\/07\/cropped-cropped-relax-ibiza.png\",\"width\":512,\"height\":512,\"caption\":\"Relax Massage Ibiza\"},\"image\":{\"@id\":\"https:\/\/relax-spain.com\/#\/schema\/logo\/image\/\"}}]}<\/script>\n<!-- \/ Yoast SEO plugin. -->","yoast_head_json":{"title":"madero - Relax Massage Ibiza","robots":{"index":"index","follow":"follow","max-snippet":"max-snippet:-1","max-image-preview":"max-image-preview:large","max-video-preview":"max-video-preview:-1"},"canonical":"https:\/\/relax-spain.com\/es\/madero\/","og_locale":"es_ES","og_type":"article","og_title":"madero - Relax Massage Ibiza","og_description":"&lt; Back massage with wooden instruments MADERO THERAPY Madero Therapy is a massage technique employing small wooden instruments to exert pressure and activate specific points of the body. Its recognition has surged in recent times due to its capacity to aid in cellulite reduction, body toning, and inducing relaxation. During a home massage session, the [&hellip;]","og_url":"https:\/\/relax-spain.com\/es\/madero\/","og_site_name":"Relax Massage Ibiza","article_modified_time":"2025-01-21T07:27:35+00:00","og_image":[{"width":825,"height":550,"url":"https:\/\/relax-spain.com\/wp-content\/uploads\/2023\/10\/image_6483441-44.jpg","type":"image\/jpeg"}],"twitter_card":"summary_large_image","twitter_misc":{"Tiempo de lectura":"2 minutos"},"schema":{"@context":"https:\/\/schema.org","@graph":[{"@type":"WebPage","@id":"https:\/\/relax-spain.com\/madero\/","url":"https:\/\/relax-spain.com\/madero\/","name":"madero - Relax Massage Ibiza","isPartOf":{"@id":"https:\/\/relax-spain.com\/#website"},"primaryImageOfPage":{"@id":"https:\/\/relax-spain.com\/madero\/#primaryimage"},"image":{"@id":"https:\/\/relax-spain.com\/madero\/#primaryimage"},"thumbnailUrl":"https:\/\/relax-spain.com\/wp-content\/uploads\/2023\/10\/image_6483441-44.jpg","datePublished":"2023-06-09T20:58:53+00:00","dateModified":"2025-01-21T07:27:35+00:00","breadcrumb":{"@id":"https:\/\/relax-spain.com\/madero\/#breadcrumb"},"inLanguage":"es","potentialAction":[{"@type":"ReadAction","target":["https:\/\/relax-spain.com\/madero\/"]}]},{"@type":"ImageObject","inLanguage":"es","@id":"https:\/\/relax-spain.com\/madero\/#primaryimage","url":"https:\/\/relax-spain.com\/wp-content\/uploads\/2023\/10\/image_6483441-44.jpg","contentUrl":"https:\/\/relax-spain.com\/wp-content\/uploads\/2023\/10\/image_6483441-44.jpg"},{"@type":"BreadcrumbList","@id":"https:\/\/relax-spain.com\/madero\/#breadcrumb","itemListElement":[{"@type":"ListItem","position":1,"name":"Home","item":"https:\/\/relax-spain.com\/"},{"@type":"ListItem","position":2,"name":"madero"}]},{"@type":"WebSite","@id":"https:\/\/relax-spain.com\/#website","url":"https:\/\/relax-spain.com\/","name":"Relax Massage Ibiza","description":"The #1 mobile massage in Ibiza","publisher":{"@id":"https:\/\/relax-spain.com\/#organization"},"potentialAction":[{"@type":"SearchAction","target":{"@type":"EntryPoint","urlTemplate":"https:\/\/relax-spain.com\/?s={search_term_string}"},"query-input":{"@type":"PropertyValueSpecification","valueRequired":true,"valueName":"search_term_string"}}],"inLanguage":"es"},{"@type":"Organization","@id":"https:\/\/relax-spain.com\/#organization","name":"Relax Massage Ibiza","url":"https:\/\/relax-spain.com\/","logo":{"@type":"ImageObject","inLanguage":"es","@id":"https:\/\/relax-spain.com\/#\/schema\/logo\/image\/","url":"https:\/\/relax-spain.com\/wp-content\/uploads\/2023\/07\/cropped-cropped-relax-ibiza.png","contentUrl":"https:\/\/relax-spain.com\/wp-content\/uploads\/2023\/07\/cropped-cropped-relax-ibiza.png","width":512,"height":512,"caption":"Relax Massage Ibiza"},"image":{"@id":"https:\/\/relax-spain.com\/#\/schema\/logo\/image\/"}}]}},"_links":{"self":[{"href":"https:\/\/relax-spain.com\/es\/wp-json\/wp\/v2\/pages\/839","targetHints":{"allow":["GET"]}}],"collection":[{"href":"https:\/\/relax-spain.com\/es\/wp-json\/wp\/v2\/pages"}],"about":[{"href":"https:\/\/relax-spain.com\/es\/wp-json\/wp\/v2\/types\/page"}],"author":[{"embeddable":true,"href":"https:\/\/relax-spain.com\/es\/wp-json\/wp\/v2\/users\/1"}],"replies":[{"embeddable":true,"href":"https:\/\/relax-spain.com\/es\/wp-json\/wp\/v2\/comments?post=839"}],"version-history":[{"count":21,"href":"https:\/\/relax-spain.com\/es\/wp-json\/wp\/v2\/pages\/839\/revisions"}],"predecessor-version":[{"id":2267,"href":"https:\/\/relax-spain.com\/es\/wp-json\/wp\/v2\/pages\/839\/revisions\/2267"}],"wp:attachment":[{"href":"https:\/\/relax-spain.com\/es\/wp-json\/wp\/v2\/media?parent=839"}],"curies":[{"name":"wp","href":"https:\/\/api.w.org\/{rel}","templated":true}]}}