{"id":810,"date":"2023-06-09T14:11:50","date_gmt":"2023-06-09T13:11:50","guid":{"rendered":"https:\/\/relax-ibiza.com\/?page_id=810"},"modified":"2025-11-25T12:41:08","modified_gmt":"2025-11-25T11:41:08","slug":"deep-tissue","status":"publish","type":"page","link":"https:\/\/relax-spain.com\/es\/deep-tissue\/","title":{"rendered":"Deportivo"},"content":{"rendered":"<div data-elementor-type=\"wp-page\" data-elementor-id=\"810\" class=\"elementor elementor-810\" data-elementor-post-type=\"page\">\n\t\t\t\t\t\t<section class=\"elementor-section elementor-top-section elementor-element elementor-element-06a9ce5 elementor-section-boxed elementor-section-height-default elementor-section-height-default\" data-id=\"06a9ce5\" data-element_type=\"section\">\n\t\t\t\t\t\t<div class=\"elementor-container elementor-column-gap-default\">\n\t\t\t\t\t<div class=\"elementor-column elementor-col-100 elementor-top-column elementor-element elementor-element-0a83094\" data-id=\"0a83094\" data-element_type=\"column\">\n\t\t\t<div class=\"elementor-widget-wrap elementor-element-populated\">\n\t\t\t\t\t\t<div class=\"elementor-element elementor-element-441cd33 elementor-widget elementor-widget-text-editor\" data-id=\"441cd33\" data-element_type=\"widget\" data-widget_type=\"text-editor.default\">\n\t\t\t\t\t\t\t\t\t<a href=\"https:\/\/relax-spain.com\/es\/\">&lt; Back<\/a> \t\t\t\t\t\t\t\t<\/div>\n\t\t\t\t\t<\/div>\n\t\t<\/div>\n\t\t\t\t\t<\/div>\n\t\t<\/section>\n\t\t\t\t<section class=\"elementor-section elementor-top-section elementor-element elementor-element-9bc3c7e elementor-section-boxed elementor-section-height-default elementor-section-height-default\" data-id=\"9bc3c7e\" data-element_type=\"section\">\n\t\t\t\t\t\t<div class=\"elementor-container elementor-column-gap-default\">\n\t\t\t\t\t<div class=\"elementor-column elementor-col-50 elementor-top-column elementor-element elementor-element-b87af48\" data-id=\"b87af48\" data-element_type=\"column\">\n\t\t\t<div class=\"elementor-widget-wrap elementor-element-populated\">\n\t\t\t\t\t\t<div class=\"elementor-element elementor-element-9ba41d2 elementor-widget elementor-widget-image\" data-id=\"9ba41d2\" data-element_type=\"widget\" data-widget_type=\"image.default\">\n\t\t\t\t\t\t\t\t\t\t\t\t\t\t\t<img fetchpriority=\"high\" decoding=\"async\" width=\"1024\" height=\"682\" src=\"https:\/\/relax-spain.com\/wp-content\/uploads\/2025\/11\/IMG_8280-1024x682.jpeg\" class=\"attachment-large size-large wp-image-2729\" alt=\"5-stars home wellness marbella\" srcset=\"https:\/\/relax-spain.com\/wp-content\/uploads\/2025\/11\/IMG_8280-1024x682.jpeg 1024w, https:\/\/relax-spain.com\/wp-content\/uploads\/2025\/11\/IMG_8280-300x200.jpeg 300w, https:\/\/relax-spain.com\/wp-content\/uploads\/2025\/11\/IMG_8280-768x512.jpeg 768w, https:\/\/relax-spain.com\/wp-content\/uploads\/2025\/11\/IMG_8280-1536x1024.jpeg 1536w, https:\/\/relax-spain.com\/wp-content\/uploads\/2025\/11\/IMG_8280-18x12.jpeg 18w, https:\/\/relax-spain.com\/wp-content\/uploads\/2025\/11\/IMG_8280.jpeg 1667w\" sizes=\"(max-width: 1024px) 100vw, 1024px\" \/>\t\t\t\t\t\t\t\t\t\t\t\t\t\t\t<\/div>\n\t\t\t\t\t<\/div>\n\t\t<\/div>\n\t\t\t\t<div class=\"elementor-column elementor-col-50 elementor-top-column elementor-element elementor-element-abbab74\" data-id=\"abbab74\" data-element_type=\"column\">\n\t\t\t<div class=\"elementor-widget-wrap elementor-element-populated\">\n\t\t\t\t\t\t<div class=\"elementor-element elementor-element-e7a5624 elementor-widget elementor-widget-image\" data-id=\"e7a5624\" data-element_type=\"widget\" data-widget_type=\"image.default\">\n\t\t\t\t\t\t\t\t\t\t\t\t\t\t\t<img decoding=\"async\" width=\"1024\" height=\"682\" src=\"https:\/\/relax-spain.com\/wp-content\/uploads\/2025\/11\/IMG_8263-1024x682.jpeg\" class=\"attachment-large size-large wp-image-2725\" alt=\"Best massage at home in mallorca\" srcset=\"https:\/\/relax-spain.com\/wp-content\/uploads\/2025\/11\/IMG_8263-1024x682.jpeg 1024w, https:\/\/relax-spain.com\/wp-content\/uploads\/2025\/11\/IMG_8263-300x200.jpeg 300w, https:\/\/relax-spain.com\/wp-content\/uploads\/2025\/11\/IMG_8263-768x512.jpeg 768w, https:\/\/relax-spain.com\/wp-content\/uploads\/2025\/11\/IMG_8263-1536x1024.jpeg 1536w, https:\/\/relax-spain.com\/wp-content\/uploads\/2025\/11\/IMG_8263-18x12.jpeg 18w, https:\/\/relax-spain.com\/wp-content\/uploads\/2025\/11\/IMG_8263.jpeg 1667w\" sizes=\"(max-width: 1024px) 100vw, 1024px\" \/>\t\t\t\t\t\t\t\t\t\t\t\t\t\t\t<\/div>\n\t\t\t\t\t<\/div>\n\t\t<\/div>\n\t\t\t\t\t<\/div>\n\t\t<\/section>\n\t\t\t\t<section class=\"elementor-section elementor-top-section elementor-element elementor-element-91ce146 elementor-section-boxed elementor-section-height-default elementor-section-height-default\" data-id=\"91ce146\" data-element_type=\"section\">\n\t\t\t\t\t\t<div class=\"elementor-container elementor-column-gap-default\">\n\t\t\t\t\t<div class=\"elementor-column elementor-col-100 elementor-top-column elementor-element elementor-element-bc44205\" data-id=\"bc44205\" data-element_type=\"column\">\n\t\t\t<div class=\"elementor-widget-wrap elementor-element-populated\">\n\t\t\t\t\t\t<div class=\"elementor-element elementor-element-c0daa99 elementor-widget elementor-widget-text-editor\" data-id=\"c0daa99\" data-element_type=\"widget\" data-widget_type=\"text-editor.default\">\n\t\t\t\t\t\t\t\t\t<p>\u00bfSo\u00f1ando con un masaje?<\/p>\t\t\t\t\t\t\t\t<\/div>\n\t\t\t\t<div class=\"elementor-element elementor-element-df7f6a6 elementor-widget elementor-widget-heading\" data-id=\"df7f6a6\" data-element_type=\"widget\" data-widget_type=\"heading.default\">\n\t\t\t\t\t<h2 class=\"elementor-heading-title elementor-size-default\">MASAJE DE RELAJACI\u00d3N<\/h2>\t\t\t\t<\/div>\n\t\t\t\t<div class=\"elementor-element elementor-element-ea227b6 elementor-widget elementor-widget-text-editor\" data-id=\"ea227b6\" data-element_type=\"widget\" data-widget_type=\"text-editor.default\">\n\t\t\t\t\t\t\t\t\t<p>Disfrute de nuestros masajes relajantes a domicilio, cuidadosamente dise\u00f1ados para infundir serenidad en su cuerpo, calma en su mente y liberar el estr\u00e9s y la tensi\u00f3n muscular. Esta servicio de masaje VIP es aut\u00e9nticamente revitalizante.\nNuestras masajistas profesionales aplican una combinaci\u00f3n de caricias suaves y movimientos circulares, invit\u00e1ndole a relajarse y dejar atr\u00e1s todas sus preocupaciones. Centrando su atenci\u00f3n en los hombros, espalda, cuello, manos y piernas, logran deshacer los nudos y liberar la tensi\u00f3n muscular, dej\u00e1ndole con una sensaci\u00f3n de revitalizaci\u00f3n y renovaci\u00f3n.<\/p><p>Este SPA masaje relajante no solo mejora su bienestar f\u00edsico, sino que tambi\u00e9n promueve la serenidad mental y reduce la ansiedad. A medida que se sumerge en una tranquilidad profunda, sus preocupaciones y el estr\u00e9s desaparecer\u00e1n.<\/p><p>Reserve hoy mismo su sesi\u00f3n de masaje relajante a domicilio en Ibiza, Marbella, Mallorca o Courchevel, y permita a nuestras masajistas cerfiticadas a guiarlo en un viaje hacia la absoluta tranquilidad y relajaci\u00f3n.<\/p>\t\t\t\t\t\t\t\t<\/div>\n\t\t\t\t\t<\/div>\n\t\t<\/div>\n\t\t\t\t\t<\/div>\n\t\t<\/section>\n\t\t\t\t<section class=\"elementor-section elementor-top-section elementor-element elementor-element-4af86b5 elementor-section-boxed elementor-section-height-default elementor-section-height-default\" data-id=\"4af86b5\" data-element_type=\"section\">\n\t\t\t\t\t\t<div class=\"elementor-container elementor-column-gap-default\">\n\t\t\t\t\t<div class=\"elementor-column elementor-col-33 elementor-top-column elementor-element elementor-element-0ffd42e\" data-id=\"0ffd42e\" data-element_type=\"column\">\n\t\t\t<div class=\"elementor-widget-wrap elementor-element-populated\">\n\t\t\t\t\t\t<div class=\"elementor-element elementor-element-209ddbd elementor-widget elementor-widget-image\" data-id=\"209ddbd\" data-element_type=\"widget\" data-widget_type=\"image.default\">\n\t\t\t\t\t\t\t\t\t\t\t\t\t\t\t<img decoding=\"async\" width=\"1024\" height=\"683\" src=\"https:\/\/relax-spain.com\/wp-content\/uploads\/2023\/10\/image_6483441-28-1024x683.jpg\" class=\"attachment-large size-large wp-image-1658\" alt=\"Masaje relajante a domicilio\" srcset=\"https:\/\/relax-spain.com\/wp-content\/uploads\/2023\/10\/image_6483441-28-1024x683.jpg 1024w, https:\/\/relax-spain.com\/wp-content\/uploads\/2023\/10\/image_6483441-28-300x200.jpg 300w, https:\/\/relax-spain.com\/wp-content\/uploads\/2023\/10\/image_6483441-28-768x512.jpg 768w, https:\/\/relax-spain.com\/wp-content\/uploads\/2023\/10\/image_6483441-28-18x12.jpg 18w, https:\/\/relax-spain.com\/wp-content\/uploads\/2023\/10\/image_6483441-28.jpg 1440w\" sizes=\"(max-width: 1024px) 100vw, 1024px\" \/>\t\t\t\t\t\t\t\t\t\t\t\t\t\t\t<\/div>\n\t\t\t\t\t<\/div>\n\t\t<\/div>\n\t\t\t\t<div class=\"elementor-column elementor-col-33 elementor-top-column elementor-element elementor-element-9b2c23f\" data-id=\"9b2c23f\" data-element_type=\"column\">\n\t\t\t<div class=\"elementor-widget-wrap elementor-element-populated\">\n\t\t\t\t\t\t<div class=\"elementor-element elementor-element-4953067 elementor-widget elementor-widget-image\" data-id=\"4953067\" data-element_type=\"widget\" data-widget_type=\"image.default\">\n\t\t\t\t\t\t\t\t\t\t\t\t\t\t\t<img loading=\"lazy\" decoding=\"async\" width=\"1024\" height=\"683\" src=\"https:\/\/relax-spain.com\/wp-content\/uploads\/2023\/10\/image_6483441-24-1024x683.jpg\" class=\"attachment-large size-large wp-image-1659\" alt=\"Palm massage session in Mallorca\" srcset=\"https:\/\/relax-spain.com\/wp-content\/uploads\/2023\/10\/image_6483441-24-1024x683.jpg 1024w, https:\/\/relax-spain.com\/wp-content\/uploads\/2023\/10\/image_6483441-24-300x200.jpg 300w, https:\/\/relax-spain.com\/wp-content\/uploads\/2023\/10\/image_6483441-24-768x512.jpg 768w, https:\/\/relax-spain.com\/wp-content\/uploads\/2023\/10\/image_6483441-24-1536x1024.jpg 1536w, https:\/\/relax-spain.com\/wp-content\/uploads\/2023\/10\/image_6483441-24-2048x1365.jpg 2048w, https:\/\/relax-spain.com\/wp-content\/uploads\/2023\/10\/image_6483441-24-18x12.jpg 18w\" sizes=\"(max-width: 1024px) 100vw, 1024px\" \/>\t\t\t\t\t\t\t\t\t\t\t\t\t\t\t<\/div>\n\t\t\t\t\t<\/div>\n\t\t<\/div>\n\t\t\t\t<div class=\"elementor-column elementor-col-33 elementor-top-column elementor-element elementor-element-ba61939\" data-id=\"ba61939\" data-element_type=\"column\">\n\t\t\t<div class=\"elementor-widget-wrap elementor-element-populated\">\n\t\t\t\t\t\t<div class=\"elementor-element elementor-element-3a7b263 elementor-widget elementor-widget-image\" data-id=\"3a7b263\" data-element_type=\"widget\" data-widget_type=\"image.default\">\n\t\t\t\t\t\t\t\t\t\t\t\t\t\t\t<img loading=\"lazy\" decoding=\"async\" width=\"1024\" height=\"683\" src=\"https:\/\/relax-spain.com\/wp-content\/uploads\/2025\/01\/IMG_1512-1024x683.jpg\" class=\"attachment-large size-large wp-image-2171\" alt=\"spa Masaje relajante de en mallorca a domicilio. Masajes corporales cercanos\" srcset=\"https:\/\/relax-spain.com\/wp-content\/uploads\/2025\/01\/IMG_1512-1024x683.jpg 1024w, https:\/\/relax-spain.com\/wp-content\/uploads\/2025\/01\/IMG_1512-300x200.jpg 300w, https:\/\/relax-spain.com\/wp-content\/uploads\/2025\/01\/IMG_1512-768x512.jpg 768w, https:\/\/relax-spain.com\/wp-content\/uploads\/2025\/01\/IMG_1512-1536x1024.jpg 1536w, https:\/\/relax-spain.com\/wp-content\/uploads\/2025\/01\/IMG_1512-2048x1366.jpg 2048w, https:\/\/relax-spain.com\/wp-content\/uploads\/2025\/01\/IMG_1512-18x12.jpg 18w\" sizes=\"(max-width: 1024px) 100vw, 1024px\" \/>\t\t\t\t\t\t\t\t\t\t\t\t\t\t\t<\/div>\n\t\t\t\t\t<\/div>\n\t\t<\/div>\n\t\t\t\t\t<\/div>\n\t\t<\/section>\n\t\t\t\t<\/div>","protected":false},"excerpt":{"rendered":"<p>&lt; Back You need relaxation? RELAXING MASSAGE Indulge our Relaxing massage treatment, crafted to bring serenity to your body, peace to your mind, and alleviate stress and tension from your muscles. This massage is a true revitalising wellness experience. Our certified masseuses employ a blend of gentle strokes, kneading, and circular motions, inviting you to [&hellip;]<\/p>","protected":false},"author":1,"featured_media":0,"parent":0,"menu_order":0,"comment_status":"closed","ping_status":"closed","template":"","meta":{"site-sidebar-layout":"no-sidebar","site-content-layout":"page-builder","ast-site-content-layout":"default","site-content-style":"default","site-sidebar-style":"default","ast-global-header-display":"","ast-banner-title-visibility":"","ast-main-header-display":"","ast-hfb-above-header-display":"","ast-hfb-below-header-display":"","ast-hfb-mobile-header-display":"","site-post-title":"disabled","ast-breadcrumbs-content":"","ast-featured-img":"disabled","footer-sml-layout":"","theme-transparent-header-meta":"","adv-header-id-meta":"","stick-header-meta":"","header-above-stick-meta":"","header-main-stick-meta":"","header-below-stick-meta":"","astra-migrate-meta-layouts":"default","ast-page-background-enabled":"default","ast-page-background-meta":{"desktop":{"background-color":"var(--ast-global-color-4)","background-image":"","background-repeat":"repeat","background-position":"center center","background-size":"auto","background-attachment":"scroll","background-type":"","background-media":"","overlay-type":"","overlay-color":"","overlay-opacity":"","overlay-gradient":""},"tablet":{"background-color":"","background-image":"","background-repeat":"repeat","background-position":"center center","background-size":"auto","background-attachment":"scroll","background-type":"","background-media":"","overlay-type":"","overlay-color":"","overlay-opacity":"","overlay-gradient":""},"mobile":{"background-color":"","background-image":"","background-repeat":"repeat","background-position":"center center","background-size":"auto","background-attachment":"scroll","background-type":"","background-media":"","overlay-type":"","overlay-color":"","overlay-opacity":"","overlay-gradient":""}},"ast-content-background-meta":{"desktop":{"background-color":"var(--ast-global-color-5)","background-image":"","background-repeat":"repeat","background-position":"center center","background-size":"auto","background-attachment":"scroll","background-type":"","background-media":"","overlay-type":"","overlay-color":"","overlay-opacity":"","overlay-gradient":""},"tablet":{"background-color":"var(--ast-global-color-5)","background-image":"","background-repeat":"repeat","background-position":"center center","background-size":"auto","background-attachment":"scroll","background-type":"","background-media":"","overlay-type":"","overlay-color":"","overlay-opacity":"","overlay-gradient":""},"mobile":{"background-color":"var(--ast-global-color-5)","background-image":"","background-repeat":"repeat","background-position":"center center","background-size":"auto","background-attachment":"scroll","background-type":"","background-media":"","overlay-type":"","overlay-color":"","overlay-opacity":"","overlay-gradient":""}},"footnotes":""},"class_list":["post-810","page","type-page","status-publish","hentry"],"yoast_head":"<!-- This site is optimized with the Yoast SEO plugin v26.1.1 - https:\/\/yoast.com\/wordpress\/plugins\/seo\/ -->\n<title>Deep tissue - Relax Massage Ibiza<\/title>\n<meta name=\"robots\" content=\"index, follow, max-snippet:-1, max-image-preview:large, max-video-preview:-1\" \/>\n<link rel=\"canonical\" href=\"https:\/\/relax-spain.com\/es\/deep-tissue\/\" \/>\n<meta property=\"og:locale\" content=\"es_ES\" \/>\n<meta property=\"og:type\" content=\"article\" \/>\n<meta property=\"og:title\" content=\"Deep tissue - Relax Massage Ibiza\" \/>\n<meta property=\"og:description\" content=\"&lt; Back You need relaxation? RELAXING MASSAGE Indulge our Relaxing massage treatment, crafted to bring serenity to your body, peace to your mind, and alleviate stress and tension from your muscles. This massage is a true revitalising wellness experience. Our certified masseuses employ a blend of gentle strokes, kneading, and circular motions, inviting you to [&hellip;]\" \/>\n<meta property=\"og:url\" content=\"https:\/\/relax-spain.com\/es\/deep-tissue\/\" \/>\n<meta property=\"og:site_name\" content=\"Relax Massage Ibiza\" \/>\n<meta property=\"article:modified_time\" content=\"2025-11-25T11:41:08+00:00\" \/>\n<meta property=\"og:image\" content=\"https:\/\/relax-spain.com\/wp-content\/uploads\/2025\/11\/IMG_8280.jpeg\" \/>\n\t<meta property=\"og:image:width\" content=\"1667\" \/>\n\t<meta property=\"og:image:height\" content=\"1111\" \/>\n\t<meta property=\"og:image:type\" content=\"image\/jpeg\" \/>\n<meta name=\"twitter:card\" content=\"summary_large_image\" \/>\n<meta name=\"twitter:label1\" content=\"Tiempo de lectura\" \/>\n\t<meta name=\"twitter:data1\" content=\"1 minuto\" \/>\n<script type=\"application\/ld+json\" class=\"yoast-schema-graph\">{\"@context\":\"https:\/\/schema.org\",\"@graph\":[{\"@type\":\"WebPage\",\"@id\":\"https:\/\/relax-spain.com\/deep-tissue\/\",\"url\":\"https:\/\/relax-spain.com\/deep-tissue\/\",\"name\":\"Deep tissue - Relax Massage Ibiza\",\"isPartOf\":{\"@id\":\"https:\/\/relax-spain.com\/#website\"},\"primaryImageOfPage\":{\"@id\":\"https:\/\/relax-spain.com\/deep-tissue\/#primaryimage\"},\"image\":{\"@id\":\"https:\/\/relax-spain.com\/deep-tissue\/#primaryimage\"},\"thumbnailUrl\":\"https:\/\/relax-spain.com\/wp-content\/uploads\/2025\/11\/IMG_8280-1024x682.jpeg\",\"datePublished\":\"2023-06-09T13:11:50+00:00\",\"dateModified\":\"2025-11-25T11:41:08+00:00\",\"breadcrumb\":{\"@id\":\"https:\/\/relax-spain.com\/deep-tissue\/#breadcrumb\"},\"inLanguage\":\"es\",\"potentialAction\":[{\"@type\":\"ReadAction\",\"target\":[\"https:\/\/relax-spain.com\/deep-tissue\/\"]}]},{\"@type\":\"ImageObject\",\"inLanguage\":\"es\",\"@id\":\"https:\/\/relax-spain.com\/deep-tissue\/#primaryimage\",\"url\":\"https:\/\/relax-spain.com\/wp-content\/uploads\/2025\/11\/IMG_8280-1024x682.jpeg\",\"contentUrl\":\"https:\/\/relax-spain.com\/wp-content\/uploads\/2025\/11\/IMG_8280-1024x682.jpeg\"},{\"@type\":\"BreadcrumbList\",\"@id\":\"https:\/\/relax-spain.com\/deep-tissue\/#breadcrumb\",\"itemListElement\":[{\"@type\":\"ListItem\",\"position\":1,\"name\":\"Home\",\"item\":\"https:\/\/relax-spain.com\/\"},{\"@type\":\"ListItem\",\"position\":2,\"name\":\"Deep tissue\"}]},{\"@type\":\"WebSite\",\"@id\":\"https:\/\/relax-spain.com\/#website\",\"url\":\"https:\/\/relax-spain.com\/\",\"name\":\"Relax Massage Ibiza\",\"description\":\"The #1 mobile massage in Ibiza\",\"publisher\":{\"@id\":\"https:\/\/relax-spain.com\/#organization\"},\"potentialAction\":[{\"@type\":\"SearchAction\",\"target\":{\"@type\":\"EntryPoint\",\"urlTemplate\":\"https:\/\/relax-spain.com\/?s={search_term_string}\"},\"query-input\":{\"@type\":\"PropertyValueSpecification\",\"valueRequired\":true,\"valueName\":\"search_term_string\"}}],\"inLanguage\":\"es\"},{\"@type\":\"Organization\",\"@id\":\"https:\/\/relax-spain.com\/#organization\",\"name\":\"Relax Massage Ibiza\",\"url\":\"https:\/\/relax-spain.com\/\",\"logo\":{\"@type\":\"ImageObject\",\"inLanguage\":\"es\",\"@id\":\"https:\/\/relax-spain.com\/#\/schema\/logo\/image\/\",\"url\":\"https:\/\/relax-spain.com\/wp-content\/uploads\/2023\/07\/cropped-cropped-relax-ibiza.png\",\"contentUrl\":\"https:\/\/relax-spain.com\/wp-content\/uploads\/2023\/07\/cropped-cropped-relax-ibiza.png\",\"width\":512,\"height\":512,\"caption\":\"Relax Massage Ibiza\"},\"image\":{\"@id\":\"https:\/\/relax-spain.com\/#\/schema\/logo\/image\/\"}}]}<\/script>\n<!-- \/ Yoast SEO plugin. -->","yoast_head_json":{"title":"Deep tissue - Relax Massage Ibiza","robots":{"index":"index","follow":"follow","max-snippet":"max-snippet:-1","max-image-preview":"max-image-preview:large","max-video-preview":"max-video-preview:-1"},"canonical":"https:\/\/relax-spain.com\/es\/deep-tissue\/","og_locale":"es_ES","og_type":"article","og_title":"Deep tissue - Relax Massage Ibiza","og_description":"&lt; Back You need relaxation? RELAXING MASSAGE Indulge our Relaxing massage treatment, crafted to bring serenity to your body, peace to your mind, and alleviate stress and tension from your muscles. This massage is a true revitalising wellness experience. Our certified masseuses employ a blend of gentle strokes, kneading, and circular motions, inviting you to [&hellip;]","og_url":"https:\/\/relax-spain.com\/es\/deep-tissue\/","og_site_name":"Relax Massage Ibiza","article_modified_time":"2025-11-25T11:41:08+00:00","og_image":[{"width":1667,"height":1111,"url":"https:\/\/relax-spain.com\/wp-content\/uploads\/2025\/11\/IMG_8280.jpeg","type":"image\/jpeg"}],"twitter_card":"summary_large_image","twitter_misc":{"Tiempo de lectura":"1 minuto"},"schema":{"@context":"https:\/\/schema.org","@graph":[{"@type":"WebPage","@id":"https:\/\/relax-spain.com\/deep-tissue\/","url":"https:\/\/relax-spain.com\/deep-tissue\/","name":"Deep tissue - Relax Massage Ibiza","isPartOf":{"@id":"https:\/\/relax-spain.com\/#website"},"primaryImageOfPage":{"@id":"https:\/\/relax-spain.com\/deep-tissue\/#primaryimage"},"image":{"@id":"https:\/\/relax-spain.com\/deep-tissue\/#primaryimage"},"thumbnailUrl":"https:\/\/relax-spain.com\/wp-content\/uploads\/2025\/11\/IMG_8280-1024x682.jpeg","datePublished":"2023-06-09T13:11:50+00:00","dateModified":"2025-11-25T11:41:08+00:00","breadcrumb":{"@id":"https:\/\/relax-spain.com\/deep-tissue\/#breadcrumb"},"inLanguage":"es","potentialAction":[{"@type":"ReadAction","target":["https:\/\/relax-spain.com\/deep-tissue\/"]}]},{"@type":"ImageObject","inLanguage":"es","@id":"https:\/\/relax-spain.com\/deep-tissue\/#primaryimage","url":"https:\/\/relax-spain.com\/wp-content\/uploads\/2025\/11\/IMG_8280-1024x682.jpeg","contentUrl":"https:\/\/relax-spain.com\/wp-content\/uploads\/2025\/11\/IMG_8280-1024x682.jpeg"},{"@type":"BreadcrumbList","@id":"https:\/\/relax-spain.com\/deep-tissue\/#breadcrumb","itemListElement":[{"@type":"ListItem","position":1,"name":"Home","item":"https:\/\/relax-spain.com\/"},{"@type":"ListItem","position":2,"name":"Deep tissue"}]},{"@type":"WebSite","@id":"https:\/\/relax-spain.com\/#website","url":"https:\/\/relax-spain.com\/","name":"Relax Massage Ibiza","description":"The #1 mobile massage in Ibiza","publisher":{"@id":"https:\/\/relax-spain.com\/#organization"},"potentialAction":[{"@type":"SearchAction","target":{"@type":"EntryPoint","urlTemplate":"https:\/\/relax-spain.com\/?s={search_term_string}"},"query-input":{"@type":"PropertyValueSpecification","valueRequired":true,"valueName":"search_term_string"}}],"inLanguage":"es"},{"@type":"Organization","@id":"https:\/\/relax-spain.com\/#organization","name":"Relax Massage Ibiza","url":"https:\/\/relax-spain.com\/","logo":{"@type":"ImageObject","inLanguage":"es","@id":"https:\/\/relax-spain.com\/#\/schema\/logo\/image\/","url":"https:\/\/relax-spain.com\/wp-content\/uploads\/2023\/07\/cropped-cropped-relax-ibiza.png","contentUrl":"https:\/\/relax-spain.com\/wp-content\/uploads\/2023\/07\/cropped-cropped-relax-ibiza.png","width":512,"height":512,"caption":"Relax Massage Ibiza"},"image":{"@id":"https:\/\/relax-spain.com\/#\/schema\/logo\/image\/"}}]}},"_links":{"self":[{"href":"https:\/\/relax-spain.com\/es\/wp-json\/wp\/v2\/pages\/810","targetHints":{"allow":["GET"]}}],"collection":[{"href":"https:\/\/relax-spain.com\/es\/wp-json\/wp\/v2\/pages"}],"about":[{"href":"https:\/\/relax-spain.com\/es\/wp-json\/wp\/v2\/types\/page"}],"author":[{"embeddable":true,"href":"https:\/\/relax-spain.com\/es\/wp-json\/wp\/v2\/users\/1"}],"replies":[{"embeddable":true,"href":"https:\/\/relax-spain.com\/es\/wp-json\/wp\/v2\/comments?post=810"}],"version-history":[{"count":45,"href":"https:\/\/relax-spain.com\/es\/wp-json\/wp\/v2\/pages\/810\/revisions"}],"predecessor-version":[{"id":2739,"href":"https:\/\/relax-spain.com\/es\/wp-json\/wp\/v2\/pages\/810\/revisions\/2739"}],"wp:attachment":[{"href":"https:\/\/relax-spain.com\/es\/wp-json\/wp\/v2\/media?parent=810"}],"curies":[{"name":"wp","href":"https:\/\/api.w.org\/{rel}","templated":true}]}}